{"id":1886,"date":"2025-05-23T06:21:50","date_gmt":"2025-05-23T06:21:50","guid":{"rendered":"https:\/\/staygut.com\/?page_id=1886"},"modified":"2026-02-03T18:58:15","modified_gmt":"2026-02-03T18:58:15","slug":"colonoscopia","status":"publish","type":"page","link":"https:\/\/staygut.com\/en\/servicios\/colonoscopia\/","title":{"rendered":"Colonoscopy"},"content":{"rendered":"<div class=\"wp-block-uagb-container uagb-block-bc248541 alignfull uagb-is-root-container\"><div class=\"uagb-container__shape uagb-container__shape-bottom uagb-container__invert\" data-negative=\"false\"><svg xmlns=\"https:\/\/www.w3.org\/2000\/svg\" viewbox=\"0 0 937.5 120\" preserveaspectratio=\"none\"><path class=\"uagb-container__shape-fill\" d=\"M937,129.8V-0.1H0v129.9C0,62.6,209.6,8.2,468.4,8.2S936.9,62.6,937,129.8z\"><\/path><\/svg><\/div><div class=\"uagb-container-inner-blocks-wrap\">\n<div class=\"wp-block-uagb-advanced-heading uagb-block-eec79a13\"><h1 class=\"uagb-heading-text\">Colonoscopy<\/h1><\/div>\n<\/div><\/div>\n\n\n\n<div style=\"height:33px\" aria-hidden=\"true\" class=\"wp-block-spacer\"><\/div>\n\n\n\n<div class=\"wp-block-uagb-container uagb-block-0925b8e6 alignfull uagb-is-root-container\"><div class=\"uagb-container-inner-blocks-wrap\">\n<div class=\"wp-block-uagb-advanced-heading uagb-block-7cd98c16\"><p class=\"uagb-heading-text\">Colonoscopy is the best method to detect and prevent diseases of the colon, polyps, diverticula, or colorectal cancer. It also helps to diagnose symptoms such as changes in bowel movements, bleeding, or abdominal pain.<\/p><\/div>\n<\/div><\/div>\n\n\n\n<div class=\"wp-block-uagb-container uagb-block-63a1736b alignfull uagb-is-root-container\"><div class=\"uagb-container-inner-blocks-wrap\">\n<div class=\"wp-block-uagb-container uagb-block-aea5254c\">\n<div class=\"wp-block-uagb-container uagb-block-76dd0e7d\">\n<div class=\"wp-block-uagb-advanced-heading uagb-block-02265fa6\"><h3 class=\"uagb-heading-text\">What is it?<\/h3><\/div>\n\n\n\n<div class=\"wp-block-uagb-advanced-heading uagb-block-92d4bb47\"><p class=\"uagb-heading-text\">The colonoscopy is a test specialist that enables you to visualize the colon and rectum for polyps, inflammation or signs of diseases such as colorectal cancer.<br>In addition to diagnosis, this procedure allows you to perform biopsies and remove polyps in the same session, helping to prevent complications in the future.<\/p><\/div>\n\n\n\n<div class=\"wp-block-uagb-advanced-heading uagb-block-bf886dd7\"><h3 class=\"uagb-heading-text\">When should I do it? (Symptoms)<\/h3><\/div>\n\n\n\n<div class=\"wp-block-uagb-advanced-heading uagb-block-d2599e2d\"><p class=\"uagb-heading-text\">It is recommended to have a colonoscopy if you have:<\/p><\/div>\n\n\n\n<div class=\"wp-block-uagb-icon-list uagb-block-eb873360\"><div class=\"uagb-icon-list__wrap\">\n<div class=\"wp-block-uagb-icon-list-child uagb-block-e6d5d192\"><span class=\"uagb-icon-list__source-wrap\"><svg xmlns=\"https:\/\/www.w3.org\/2000\/svg\" viewbox=\"0 0 448 512\"><path d=\"M438.6 105.4C451.1 117.9 451.1 138.1 438.6 150.6L182.6 406.6C170.1 419.1 149.9 419.1 137.4 406.6L9.372 278.6C-3.124 266.1-3.124 245.9 9.372 233.4C21.87 220.9 42.13 220.9 54.63 233.4L159.1 338.7L393.4 105.4C405.9 92.88 426.1 92.88 438.6 105.4H438.6z\"><\/path><\/svg><\/span><span class=\"uagb-icon-list__label\"><strong>Changes in the rate of intestinal<\/strong> as constipation or diarrhea for a long time.<\/span><\/div>\n\n\n\n<div class=\"wp-block-uagb-icon-list-child uagb-block-e11d9d0e\"><span class=\"uagb-icon-list__source-wrap\"><svg xmlns=\"https:\/\/www.w3.org\/2000\/svg\" viewbox=\"0 0 448 512\"><path d=\"M438.6 105.4C451.1 117.9 451.1 138.1 438.6 150.6L182.6 406.6C170.1 419.1 149.9 419.1 137.4 406.6L9.372 278.6C-3.124 266.1-3.124 245.9 9.372 233.4C21.87 220.9 42.13 220.9 54.63 233.4L159.1 338.7L393.4 105.4C405.9 92.88 426.1 92.88 438.6 105.4H438.6z\"><\/path><\/svg><\/span><span class=\"uagb-icon-list__label\"><strong>Blood in the stool, or bleeding in the digestive<\/strong> without apparent cause.<\/span><\/div>\n\n\n\n<div class=\"wp-block-uagb-icon-list-child uagb-block-c4db12bc\"><span class=\"uagb-icon-list__source-wrap\"><svg xmlns=\"https:\/\/www.w3.org\/2000\/svg\" viewbox=\"0 0 448 512\"><path d=\"M438.6 105.4C451.1 117.9 451.1 138.1 438.6 150.6L182.6 406.6C170.1 419.1 149.9 419.1 137.4 406.6L9.372 278.6C-3.124 266.1-3.124 245.9 9.372 233.4C21.87 220.9 42.13 220.9 54.63 233.4L159.1 338.7L393.4 105.4C405.9 92.88 426.1 92.88 438.6 105.4H438.6z\"><\/path><\/svg><\/span><span class=\"uagb-icon-list__label\"><strong>Recurrent abdominal pain<\/strong> or swelling without explanation.<\/span><\/div>\n\n\n\n<div class=\"wp-block-uagb-icon-list-child uagb-block-737f1f55\"><span class=\"uagb-icon-list__source-wrap\"><svg xmlns=\"https:\/\/www.w3.org\/2000\/svg\" viewbox=\"0 0 448 512\"><path d=\"M438.6 105.4C451.1 117.9 451.1 138.1 438.6 150.6L182.6 406.6C170.1 419.1 149.9 419.1 137.4 406.6L9.372 278.6C-3.124 266.1-3.124 245.9 9.372 233.4C21.87 220.9 42.13 220.9 54.63 233.4L159.1 338.7L393.4 105.4C405.9 92.88 426.1 92.88 438.6 105.4H438.6z\"><\/path><\/svg><\/span><span class=\"uagb-icon-list__label\"><strong>Unexplained weight loss or a family history of colorectal cancer.<\/strong><\/span><\/div>\n\n\n\n<div class=\"wp-block-uagb-icon-list-child uagb-block-ad37b7a2\"><span class=\"uagb-icon-list__source-wrap\"><svg xmlns=\"https:\/\/www.w3.org\/2000\/svg\" viewbox=\"0 0 448 512\"><path d=\"M438.6 105.4C451.1 117.9 451.1 138.1 438.6 150.6L182.6 406.6C170.1 419.1 149.9 419.1 137.4 406.6L9.372 278.6C-3.124 266.1-3.124 245.9 9.372 233.4C21.87 220.9 42.13 220.9 54.63 233.4L159.1 338.7L393.4 105.4C405.9 92.88 426.1 92.88 438.6 105.4H438.6z\"><\/path><\/svg><\/span><span class=\"uagb-icon-list__label\"><strong>Prevention from 45 years old<\/strong>even without symptoms, or before if there are risk factors.<\/span><\/div>\n<\/div><\/div>\n\n\n\n<div class=\"wp-block-uagb-advanced-heading uagb-block-6859681f\"><p class=\"uagb-heading-text\">In <strong>Stay gut<\/strong>, we perform colonoscopies safe and reliable for the diagnosis and prevention of diseases of the colon.<\/p><\/div>\n\n\n\n<div class=\"wp-block-uagb-advanced-heading uagb-block-f96bbf48\"><h3 class=\"uagb-heading-text\">Valor: COP$660.000<\/h3><\/div>\n<\/div>\n<\/div>\n\n\n\n<div class=\"wp-block-uagb-container uagb-block-5003f626\">\n<div class=\"wp-block-uagb-container uagb-block-5a3c4560\">\n<div class=\"wp-block-uagb-image alignleft uagb-block-13ef10e3 wp-block-uagb-image--layout-default wp-block-uagb-image--effect-static wp-block-uagb-image--align-left\"><figure class=\"wp-block-uagb-image__figure\"><img decoding=\"async\" srcset=\"https:\/\/staygut.com\/wp-content\/uploads\/2025\/05\/Colonoscopia.jpg ,https:\/\/staygut.com\/wp-content\/uploads\/2025\/05\/Colonoscopia.jpg 780w, https:\/\/staygut.com\/wp-content\/uploads\/2025\/05\/Colonoscopia.jpg 360w\" sizes=\"auto, (max-width: 480px) 150px\" src=\"https:\/\/staygut.com\/wp-content\/uploads\/2025\/05\/Colonoscopia.jpg\" alt=\"\" class=\"uag-image-1590\" width=\"1024\" height=\"683\" title=\"Colonoscopy\" loading=\"lazy\" role=\"img\"\/><\/figure><\/div>\n\n\n\n<div class=\"wp-block-uagb-container uagb-block-da047bd2\">\n<div class=\"wp-block-uagb-advanced-heading uagb-block-7870594b\"><h3 class=\"uagb-heading-text\">How do I apply for my query?<\/h3><\/div>\n\n\n\n<div class=\"wp-block-uagb-icon-list uagb-block-8549a1b1\"><div class=\"uagb-icon-list__wrap\">\n<div class=\"wp-block-uagb-icon-list-child uagb-block-b45074a2\"><span class=\"uagb-icon-list__source-wrap\"><svg xmlns=\"https:\/\/www.w3.org\/2000\/svg\" viewbox=\"0 0 320 512\"><path d=\"M96 480c-8.188 0-16.38-3.125-22.62-9.375c-12.5-12.5-12.5-32.75 0-45.25L242.8 256L73.38 86.63c-12.5-12.5-12.5-32.75 0-45.25s32.75-12.5 45.25 0l192 192c12.5 12.5 12.5 32.75 0 45.25l-192 192C112.4 476.9 104.2 480 96 480z\"><\/path><\/svg><\/span><span class=\"uagb-icon-list__label\">Online:  <a href=\"https:\/\/www.doctoralia.co\/clinicas\/stay-gut-3#specialists-section\" target=\"_blank\" rel=\"noreferrer noopener\"><img decoding=\"async\" src=\"https:\/\/www.doctoralia.co\/favicon.ico\" alt=\"\"> Stay gut in Bogota | Doctoralia<\/a>\u200b<\/span><\/div>\n\n\n\n<div class=\"wp-block-uagb-icon-list-child uagb-block-cf09d15f\"><span class=\"uagb-icon-list__source-wrap\"><svg xmlns=\"https:\/\/www.w3.org\/2000\/svg\" viewbox=\"0 0 320 512\"><path d=\"M96 480c-8.188 0-16.38-3.125-22.62-9.375c-12.5-12.5-12.5-32.75 0-45.25L242.8 256L73.38 86.63c-12.5-12.5-12.5-32.75 0-45.25s32.75-12.5 45.25 0l192 192c12.5 12.5 12.5 32.75 0 45.25l-192 192C112.4 476.9 104.2 480 96 480z\"><\/path><\/svg><\/span><span class=\"uagb-icon-list__label\">WhatsApp: <a href=\"https:\/\/api.whatsapp.com\/send?phone=573195084670\">+57 319 5084670<\/a><\/span><\/div>\n\n\n\n<div class=\"wp-block-uagb-icon-list-child uagb-block-b59536ae\"><span class=\"uagb-icon-list__source-wrap\"><svg xmlns=\"https:\/\/www.w3.org\/2000\/svg\" viewbox=\"0 0 320 512\"><path d=\"M96 480c-8.188 0-16.38-3.125-22.62-9.375c-12.5-12.5-12.5-32.75 0-45.25L242.8 256L73.38 86.63c-12.5-12.5-12.5-32.75 0-45.25s32.75-12.5 45.25 0l192 192c12.5 12.5 12.5 32.75 0 45.25l-192 192C112.4 476.9 104.2 480 96 480z\"><\/path><\/svg><\/span><span class=\"uagb-icon-list__label\">Phone: 601 6270025<\/span><\/div>\n<\/div><\/div>\n<\/div>\n<\/div>\n<\/div>\n<\/div><\/div>\n\n\n\n<div style=\"height:21px\" aria-hidden=\"true\" class=\"wp-block-spacer\"><\/div>\n\n\n\n<div class=\"wp-block-uagb-buttons uagb-buttons__outer-wrap uagb-btn__default-btn uagb-btn-tablet__default-btn uagb-btn-mobile__default-btn uagb-block-b4ce1649\"><div class=\"uagb-buttons__wrap uagb-buttons-layout-wrap\">\n<div class=\"wp-block-uagb-buttons-child uagb-buttons__outer-wrap uagb-block-6444dbb2 wp-block-button\"><div class=\"uagb-button__wrapper\"><a class=\"uagb-buttons-repeater wp-block-button__link\" aria-label=\"\" href=\"https:\/\/api.whatsapp.com\/send?phone=573195084670&amp;text=%C2%A1Hola!%20Me%20gustar%C3%ADa%20recibir%20m%C3%A1s%20informaci%C3%B3n%20sobre%20el%20procedimiento%20de%20colonoscopia%20y%20c%C3%B3mo%20agendar%20una%20cita\" rel=\"follow noopener\" target=\"_blank\" role=\"button\"><div class=\"uagb-button__link\">M\u00e1s Informaci\u00f3n<\/div><\/a><\/div><\/div>\n<\/div><\/div>\n\n\n\n<div class=\"wp-block-uagb-buttons uagb-buttons__outer-wrap uagb-btn__default-btn uagb-btn-tablet__default-btn uagb-btn-mobile__default-btn uagb-block-258ddd5c\"><div class=\"uagb-buttons__wrap uagb-buttons-layout-wrap\">\n<div class=\"wp-block-uagb-buttons-child uagb-buttons__outer-wrap uagb-block-101c3405 wp-block-button\"><div class=\"uagb-button__wrapper\"><a class=\"uagb-buttons-repeater wp-block-button__link\" aria-label=\"\" href=\"https:\/\/staygut.com\/en\/servicios\/\" rel=\"follow noopener\" target=\"_self\" role=\"button\"><span class=\"uagb-button__icon uagb-button__icon-position-before\"><svg xmlns=\"https:\/\/www.w3.org\/2000\/svg\" viewbox=\"0 0 448 512\" aria-hidden=\"true\" focussable=\"false\"><path d=\"M447.1 256C447.1 273.7 433.7 288 416 288H109.3l105.4 105.4c12.5 12.5 12.5 32.75 0 45.25C208.4 444.9 200.2 448 192 448s-16.38-3.125-22.62-9.375l-160-160c-12.5-12.5-12.5-32.75 0-45.25l160-160c12.5-12.5 32.75-12.5 45.25 0s12.5 32.75 0 45.25L109.3 224H416C433.7 224 447.1 238.3 447.1 256z\"><\/path><\/svg><\/span><div class=\"uagb-button__link\">Volver<\/div><\/a><\/div><\/div>\n<\/div><\/div>\n\n\n\n<div style=\"height:102px\" aria-hidden=\"true\" class=\"wp-block-spacer\"><\/div>\n\n\n\n<p><\/p>","protected":false},"excerpt":{"rendered":"<p>Colonoscopia La colonoscopia es el mejor m\u00e9todo para detectar y prevenir enfermedades del colon, como p\u00f3lipos, divert\u00edculos o c\u00e1ncer colorrectal. Tambi\u00e9n ayuda a diagnosticar s\u00edntomas como cambios en el tr\u00e1nsito intestinal, sangrado o dolor abdominal. \u00bfQu\u00e9 es? La colonoscopia es un examen especializado que permite visualizar el colon y el recto para detectar p\u00f3lipos, inflamaci\u00f3n [&hellip;]<\/p>","protected":false},"author":1,"featured_media":0,"parent":1532,"menu_order":0,"comment_status":"closed","ping_status":"closed","template":"","meta":{"_uag_custom_page_level_css":"","site-sidebar-layout":"default","site-content-layout":"","ast-site-content-layout":"default","site-content-style":"default","site-sidebar-style":"default","ast-global-header-display":"","ast-banner-title-visibility":"","ast-main-header-display":"","ast-hfb-above-header-display":"","ast-hfb-below-header-display":"","ast-hfb-mobile-header-display":"","site-post-title":"disabled","ast-breadcrumbs-content":"","ast-featured-img":"","footer-sml-layout":"","ast-disable-related-posts":"","theme-transparent-header-meta":"","adv-header-id-meta":"","stick-header-meta":"","header-above-stick-meta":"","header-main-stick-meta":"","header-below-stick-meta":"","astra-migrate-meta-layouts":"set","ast-page-background-enabled":"default","ast-page-background-meta":{"desktop":{"background-color":"var(--ast-global-color-4)","background-image":"","background-repeat":"repeat","background-position":"center center","background-size":"auto","background-attachment":"scroll","background-type":"","background-media":"","overlay-type":"","overlay-color":"","overlay-opacity":"","overlay-gradient":""},"tablet":{"background-color":"","background-image":"","background-repeat":"repeat","background-position":"center center","background-size":"auto","background-attachment":"scroll","background-type":"","background-media":"","overlay-type":"","overlay-color":"","overlay-opacity":"","overlay-gradient":""},"mobile":{"background-color":"","background-image":"","background-repeat":"repeat","background-position":"center center","background-size":"auto","background-attachment":"scroll","background-type":"","background-media":"","overlay-type":"","overlay-color":"","overlay-opacity":"","overlay-gradient":""}},"ast-content-background-meta":{"desktop":{"background-color":"var(--ast-global-color-5)","background-image":"","background-repeat":"repeat","background-position":"center center","background-size":"auto","background-attachment":"scroll","background-type":"","background-media":"","overlay-type":"","overlay-color":"","overlay-opacity":"","overlay-gradient":""},"tablet":{"background-color":"var(--ast-global-color-5)","background-image":"","background-repeat":"repeat","background-position":"center center","background-size":"auto","background-attachment":"scroll","background-type":"","background-media":"","overlay-type":"","overlay-color":"","overlay-opacity":"","overlay-gradient":""},"mobile":{"background-color":"var(--ast-global-color-5)","background-image":"","background-repeat":"repeat","background-position":"center center","background-size":"auto","background-attachment":"scroll","background-type":"","background-media":"","overlay-type":"","overlay-color":"","overlay-opacity":"","overlay-gradient":""}},"_joinchat":[],"footnotes":""},"class_list":["post-1886","page","type-page","status-publish","hentry"],"yoast_head":"<!-- This site is optimized with the Yoast SEO plugin v27.4 - https:\/\/yoast.com\/product\/yoast-seo-wordpress\/ -->\n<title>Stay gut - Colonoscopia En Bogot\u00e1<\/title>\n<meta name=\"description\" content=\"La colonoscopia es el mejor m\u00e9todo para detectar y prevenir enfermedades del colon, como p\u00f3lipos, divert\u00edculos o c\u00e1ncer colorrectal.\" \/>\n<meta name=\"robots\" content=\"index, follow, max-snippet:-1, max-image-preview:large, max-video-preview:-1\" \/>\n<link rel=\"canonical\" href=\"https:\/\/staygut.com\/en\/servicios\/colonoscopia\/\" \/>\n<meta property=\"og:locale\" content=\"en_US\" \/>\n<meta property=\"og:type\" content=\"article\" \/>\n<meta property=\"og:title\" content=\"Stay gut - Colonoscopia En Bogot\u00e1\" \/>\n<meta property=\"og:description\" content=\"La colonoscopia es el mejor m\u00e9todo para detectar y prevenir enfermedades del colon, como p\u00f3lipos, divert\u00edculos o c\u00e1ncer colorrectal.\" \/>\n<meta property=\"og:url\" content=\"https:\/\/staygut.com\/en\/servicios\/colonoscopia\/\" \/>\n<meta property=\"og:site_name\" content=\"Stay gut\" \/>\n<meta property=\"article:publisher\" content=\"https:\/\/www.facebook.com\/staygut\" \/>\n<meta property=\"article:modified_time\" content=\"2026-02-03T18:58:15+00:00\" \/>\n<meta property=\"og:image\" content=\"https:\/\/staygut.com\/wp-content\/uploads\/2025\/05\/Colonoscopia.jpg\" \/>\n<meta name=\"twitter:card\" content=\"summary_large_image\" \/>\n<meta name=\"twitter:label1\" content=\"Est. reading time\" \/>\n\t<meta name=\"twitter:data1\" content=\"2 minutes\" \/>\n<script type=\"application\/ld+json\" class=\"yoast-schema-graph\">{\"@context\":\"https:\\\/\\\/schema.org\",\"@graph\":[{\"@type\":\"WebPage\",\"@id\":\"https:\\\/\\\/staygut.com\\\/servicios\\\/colonoscopia\\\/\",\"url\":\"https:\\\/\\\/staygut.com\\\/servicios\\\/colonoscopia\\\/\",\"name\":\"Stay gut - Colonoscopia En Bogot\u00e1\",\"isPartOf\":{\"@id\":\"https:\\\/\\\/staygut.com\\\/#website\"},\"primaryImageOfPage\":{\"@id\":\"https:\\\/\\\/staygut.com\\\/servicios\\\/colonoscopia\\\/#primaryimage\"},\"image\":{\"@id\":\"https:\\\/\\\/staygut.com\\\/servicios\\\/colonoscopia\\\/#primaryimage\"},\"thumbnailUrl\":\"https:\\\/\\\/staygut.com\\\/wp-content\\\/uploads\\\/2025\\\/05\\\/Colonoscopia.jpg\",\"datePublished\":\"2025-05-23T06:21:50+00:00\",\"dateModified\":\"2026-02-03T18:58:15+00:00\",\"description\":\"La colonoscopia es el mejor m\u00e9todo para detectar y prevenir enfermedades del colon, como p\u00f3lipos, divert\u00edculos o c\u00e1ncer colorrectal.\",\"breadcrumb\":{\"@id\":\"https:\\\/\\\/staygut.com\\\/servicios\\\/colonoscopia\\\/#breadcrumb\"},\"inLanguage\":\"en-US\",\"potentialAction\":[{\"@type\":\"ReadAction\",\"target\":[\"https:\\\/\\\/staygut.com\\\/servicios\\\/colonoscopia\\\/\"]}]},{\"@type\":\"ImageObject\",\"inLanguage\":\"en-US\",\"@id\":\"https:\\\/\\\/staygut.com\\\/servicios\\\/colonoscopia\\\/#primaryimage\",\"url\":\"https:\\\/\\\/staygut.com\\\/wp-content\\\/uploads\\\/2025\\\/05\\\/Colonoscopia.jpg\",\"contentUrl\":\"https:\\\/\\\/staygut.com\\\/wp-content\\\/uploads\\\/2025\\\/05\\\/Colonoscopia.jpg\"},{\"@type\":\"BreadcrumbList\",\"@id\":\"https:\\\/\\\/staygut.com\\\/servicios\\\/colonoscopia\\\/#breadcrumb\",\"itemListElement\":[{\"@type\":\"ListItem\",\"position\":1,\"name\":\"Inicio\",\"item\":\"https:\\\/\\\/staygut.com\\\/\"},{\"@type\":\"ListItem\",\"position\":2,\"name\":\"Servicios\",\"item\":\"https:\\\/\\\/staygut.com\\\/servicios\\\/\"},{\"@type\":\"ListItem\",\"position\":3,\"name\":\"Colonoscopia\"}]},{\"@type\":\"WebSite\",\"@id\":\"https:\\\/\\\/staygut.com\\\/#website\",\"url\":\"https:\\\/\\\/staygut.com\\\/\",\"name\":\"Stay gut\",\"description\":\"Salud Digestiva Integral\",\"publisher\":{\"@id\":\"https:\\\/\\\/staygut.com\\\/#organization\"},\"alternateName\":\"Stay gut\",\"potentialAction\":[{\"@type\":\"SearchAction\",\"target\":{\"@type\":\"EntryPoint\",\"urlTemplate\":\"https:\\\/\\\/staygut.com\\\/?s={search_term_string}\"},\"query-input\":{\"@type\":\"PropertyValueSpecification\",\"valueRequired\":true,\"valueName\":\"search_term_string\"}}],\"inLanguage\":\"en-US\"},{\"@type\":\"Organization\",\"@id\":\"https:\\\/\\\/staygut.com\\\/#organization\",\"name\":\"Stay gut\",\"url\":\"https:\\\/\\\/staygut.com\\\/\",\"logo\":{\"@type\":\"ImageObject\",\"inLanguage\":\"en-US\",\"@id\":\"https:\\\/\\\/staygut.com\\\/#\\\/schema\\\/logo\\\/image\\\/\",\"url\":\"https:\\\/\\\/staygut.com\\\/wp-content\\\/uploads\\\/2025\\\/06\\\/favicon-02.png\",\"contentUrl\":\"https:\\\/\\\/staygut.com\\\/wp-content\\\/uploads\\\/2025\\\/06\\\/favicon-02.png\",\"width\":417,\"height\":417,\"caption\":\"Stay gut\"},\"image\":{\"@id\":\"https:\\\/\\\/staygut.com\\\/#\\\/schema\\\/logo\\\/image\\\/\"},\"sameAs\":[\"https:\\\/\\\/www.facebook.com\\\/staygut\",\"https:\\\/\\\/www.instagram.com\\\/staygut\\\/\",\"https:\\\/\\\/www.youtube.com\\\/@Staygut\",\"https:\\\/\\\/www.tiktok.com\\\/@stay.gut?_t=ZS-8wLygPOyMFE&_r=1\"]}]}<\/script>\n<!-- \/ Yoast SEO plugin. -->","yoast_head_json":{"title":"Stay gut - Colonoscopia En Bogot\u00e1","description":"La colonoscopia es el mejor m\u00e9todo para detectar y prevenir enfermedades del colon, como p\u00f3lipos, divert\u00edculos o c\u00e1ncer colorrectal.","robots":{"index":"index","follow":"follow","max-snippet":"max-snippet:-1","max-image-preview":"max-image-preview:large","max-video-preview":"max-video-preview:-1"},"canonical":"https:\/\/staygut.com\/en\/servicios\/colonoscopia\/","og_locale":"en_US","og_type":"article","og_title":"Stay gut - Colonoscopia En Bogot\u00e1","og_description":"La colonoscopia es el mejor m\u00e9todo para detectar y prevenir enfermedades del colon, como p\u00f3lipos, divert\u00edculos o c\u00e1ncer colorrectal.","og_url":"https:\/\/staygut.com\/en\/servicios\/colonoscopia\/","og_site_name":"Stay gut","article_publisher":"https:\/\/www.facebook.com\/staygut","article_modified_time":"2026-02-03T18:58:15+00:00","og_image":[{"url":"https:\/\/staygut.com\/wp-content\/uploads\/2025\/05\/Colonoscopia.jpg","type":"","width":"","height":""}],"twitter_card":"summary_large_image","twitter_misc":{"Est. reading time":"2 minutes"},"schema":{"@context":"https:\/\/schema.org","@graph":[{"@type":"WebPage","@id":"https:\/\/staygut.com\/servicios\/colonoscopia\/","url":"https:\/\/staygut.com\/servicios\/colonoscopia\/","name":"Stay gut - Colonoscopia En Bogot\u00e1","isPartOf":{"@id":"https:\/\/staygut.com\/#website"},"primaryImageOfPage":{"@id":"https:\/\/staygut.com\/servicios\/colonoscopia\/#primaryimage"},"image":{"@id":"https:\/\/staygut.com\/servicios\/colonoscopia\/#primaryimage"},"thumbnailUrl":"https:\/\/staygut.com\/wp-content\/uploads\/2025\/05\/Colonoscopia.jpg","datePublished":"2025-05-23T06:21:50+00:00","dateModified":"2026-02-03T18:58:15+00:00","description":"La colonoscopia es el mejor m\u00e9todo para detectar y prevenir enfermedades del colon, como p\u00f3lipos, divert\u00edculos o c\u00e1ncer colorrectal.","breadcrumb":{"@id":"https:\/\/staygut.com\/servicios\/colonoscopia\/#breadcrumb"},"inLanguage":"en-US","potentialAction":[{"@type":"ReadAction","target":["https:\/\/staygut.com\/servicios\/colonoscopia\/"]}]},{"@type":"ImageObject","inLanguage":"en-US","@id":"https:\/\/staygut.com\/servicios\/colonoscopia\/#primaryimage","url":"https:\/\/staygut.com\/wp-content\/uploads\/2025\/05\/Colonoscopia.jpg","contentUrl":"https:\/\/staygut.com\/wp-content\/uploads\/2025\/05\/Colonoscopia.jpg"},{"@type":"BreadcrumbList","@id":"https:\/\/staygut.com\/servicios\/colonoscopia\/#breadcrumb","itemListElement":[{"@type":"ListItem","position":1,"name":"Inicio","item":"https:\/\/staygut.com\/"},{"@type":"ListItem","position":2,"name":"Servicios","item":"https:\/\/staygut.com\/servicios\/"},{"@type":"ListItem","position":3,"name":"Colonoscopia"}]},{"@type":"WebSite","@id":"https:\/\/staygut.com\/#website","url":"https:\/\/staygut.com\/","name":"Stay gut","description":"Digestive Health Comprehensive","publisher":{"@id":"https:\/\/staygut.com\/#organization"},"alternateName":"Stay gut","potentialAction":[{"@type":"SearchAction","target":{"@type":"EntryPoint","urlTemplate":"https:\/\/staygut.com\/?s={search_term_string}"},"query-input":{"@type":"PropertyValueSpecification","valueRequired":true,"valueName":"search_term_string"}}],"inLanguage":"en-US"},{"@type":"Organization","@id":"https:\/\/staygut.com\/#organization","name":"Stay gut","url":"https:\/\/staygut.com\/","logo":{"@type":"ImageObject","inLanguage":"en-US","@id":"https:\/\/staygut.com\/#\/schema\/logo\/image\/","url":"https:\/\/staygut.com\/wp-content\/uploads\/2025\/06\/favicon-02.png","contentUrl":"https:\/\/staygut.com\/wp-content\/uploads\/2025\/06\/favicon-02.png","width":417,"height":417,"caption":"Stay gut"},"image":{"@id":"https:\/\/staygut.com\/#\/schema\/logo\/image\/"},"sameAs":["https:\/\/www.facebook.com\/staygut","https:\/\/www.instagram.com\/staygut\/","https:\/\/www.youtube.com\/@Staygut","https:\/\/www.tiktok.com\/@stay.gut?_t=ZS-8wLygPOyMFE&_r=1"]}]}},"uagb_featured_image_src":{"full":false,"thumbnail":false,"medium":false,"medium_large":false,"large":false,"1536x1536":false,"2048x2048":false,"trp-custom-language-flag":false},"uagb_author_info":{"display_name":"andres.albarracin01@gmail.com","author_link":"https:\/\/staygut.com\/en\/author\/andres-albarracin01gmail-com\/"},"uagb_comment_info":0,"uagb_excerpt":"Colonoscopia La colonoscopia es el mejor m\u00e9todo para detectar y prevenir enfermedades del colon, como p\u00f3lipos, divert\u00edculos o c\u00e1ncer colorrectal. Tambi\u00e9n ayuda a diagnosticar s\u00edntomas como cambios en el tr\u00e1nsito intestinal, sangrado o dolor abdominal. \u00bfQu\u00e9 es? La colonoscopia es un examen especializado que permite visualizar el colon y el recto para detectar p\u00f3lipos, inflamaci\u00f3n&hellip;","_links":{"self":[{"href":"https:\/\/staygut.com\/en\/wp-json\/wp\/v2\/pages\/1886","targetHints":{"allow":["GET"]}}],"collection":[{"href":"https:\/\/staygut.com\/en\/wp-json\/wp\/v2\/pages"}],"about":[{"href":"https:\/\/staygut.com\/en\/wp-json\/wp\/v2\/types\/page"}],"author":[{"embeddable":true,"href":"https:\/\/staygut.com\/en\/wp-json\/wp\/v2\/users\/1"}],"replies":[{"embeddable":true,"href":"https:\/\/staygut.com\/en\/wp-json\/wp\/v2\/comments?post=1886"}],"version-history":[{"count":11,"href":"https:\/\/staygut.com\/en\/wp-json\/wp\/v2\/pages\/1886\/revisions"}],"predecessor-version":[{"id":2342,"href":"https:\/\/staygut.com\/en\/wp-json\/wp\/v2\/pages\/1886\/revisions\/2342"}],"up":[{"embeddable":true,"href":"https:\/\/staygut.com\/en\/wp-json\/wp\/v2\/pages\/1532"}],"wp:attachment":[{"href":"https:\/\/staygut.com\/en\/wp-json\/wp\/v2\/media?parent=1886"}],"curies":[{"name":"wp","href":"https:\/\/api.w.org\/{rel}","templated":true}]}}